{"id":1873,"date":"2020-12-13T23:31:38","date_gmt":"2020-12-13T23:31:38","guid":{"rendered":"http:\/\/www.le-professionnel.com\/?post_type=product&#038;p=1873"},"modified":"2020-12-13T23:33:03","modified_gmt":"2020-12-13T23:33:03","slug":"force-10218c-219-servante-datelier-practical-219-outils","status":"publish","type":"product","link":"http:\/\/www.le-professionnel.com\/?product=force-10218c-219-servante-datelier-practical-219-outils","title":{"rendered":"Force 10218C-219 Servante d&rsquo;atelier Practical 219 outils"},"content":{"rendered":"<p><strong>Caract\u00e9ristiques:<\/strong><\/p>\n<ul>\n<li>Servante d&rsquo;atelier Force Practical\u00a0Series<\/li>\n<li>8 Tiroirs sur roulement \u00e0 billes avec syst\u00e8me anti basculement<\/li>\n<li>Ouverture des tiroirs \u00e0 100%<\/li>\n<li>4 Roues en caoutchouc, 2 fixes et 2 rotatives avec frein<\/li>\n<li>Plan de travail en polypropyl\u00e8ne<\/li>\n<li>Verroullage \u00e0 cl\u00e9 centralis\u00e9<\/li>\n<li>Porte flacons lat\u00e9rals<\/li>\n<li>Disponible: rouge, noir et bleu<\/li>\n<li>Dim. L800 x B500 x H1030 mm<\/li>\n<\/ul>\n<p><strong>Tiroir 1:<\/strong><\/p>\n<ul>\n<li>Tournevis Fente: 3-3.5-4-5.5-6.5-8 mm<\/li>\n<li>Tournevis Philips: PH.1-PH.2<\/li>\n<li>Tournevis Torx: T8-T10-T15-T20-T25-T27-T30-T40<\/li>\n<li>1\/4&Prime; Douilles 6-pans: 3.2-4-4.5-5-5.5-6-7-8-9-10-11-12-13-14 mm<\/li>\n<li>1\/4&Prime; Douilles longue 6-pans: 5-6-7-8-9-10-11-12-13 mm<\/li>\n<li>1\/4&Prime; Douilles tournevis Hex: 3-4-5-6-7-8-10 mm<\/li>\n<li>1\/4&Prime; Douilles tournevis Philips: PH.1-PH.2-PH.3<\/li>\n<li>1\/4&Prime; Douilles tournevis Pozidriv: PZ.1-PZ.2-PZ.3<\/li>\n<li>1\/4&Prime; Douilles tournevis Fente: 4-5.5-7 mm<\/li>\n<li>1\/4&Prime; Douilles tournevis Torx: T8-T10-T15-T20-T25-T27-T30-T40<\/li>\n<li>1\/4&Prime; Cliquet r\u00e9versible 72 dents<\/li>\n<li>1\/4&Prime; Rallonges: 50-100-150 mm<\/li>\n<li>1\/4&Prime; Douille magn\u00e9tique<\/li>\n<li>1\/4&Prime; Cardan universel<\/li>\n<li>1\/4&Prime; Poign\u00e9e T 115mm<\/li>\n<li>Tournevis porte-douille carr\u00e9 1\/4&Prime;<\/li>\n<li>Jeu de cl\u00e9s m\u00e2les coud\u00e9es Hex t\u00eate sph\u00e9rique: 1.27-1.5-2-2.5-3-4-5-6-8-10 mm<\/li>\n<li>3\/8&Prime; Douilles 6-pans: 6-7-8-9-10-11-12-13-14-15-16-17-18-19-20-21-22 mm<\/li>\n<li>3\/8&Prime; Cliquet r\u00e9versible 72 dents 190mm<\/li>\n<li>3\/8&Prime; Poign\u00e9e T 165mm<\/li>\n<li>3\/8&Prime; Rallonges: 75-150 mm<\/li>\n<li>3\/8&Prime; Cardan universel<\/li>\n<li>3\/8&Prime; Douilles pour bougies: 16-20.6 mm<\/li>\n<\/ul>\n<p><img loading=\"lazy\" class=\"\" src=\"https:\/\/www.forcetools-kepmar.eu\/WebRoot\/StoreNL\/Shops\/457210838\/MediaGallery\/Lades\/219_Lade_1.jpg\" alt=\"219_Lade_1\" width=\"624\" height=\"413\" \/><\/p>\n<p><strong>Tiroir 2:<\/strong><\/p>\n<ul>\n<li>1\/2&Prime; Douilles 6 pans: 8-9-10-11-12-13-14-15-16-17-18-19-20-21-22-23-24 mm<\/li>\n<li>1\/2&Prime; Cliquet r\u00e9versible \u00ab\u00a0Quick release\u00a0\u00bb 72 dents<\/li>\n<li>1\/2&Prime; Rallonge 125mm<\/li>\n<li>1\/2&Prime; Rallonge 250mm<\/li>\n<li>1\/2&Prime; Cardan universel<\/li>\n<li>Adaptateur pour rallonge 3\/8&Prime; x 1\/2&Prime;<\/li>\n<li>Cl\u00e9s mixtes: 6-7-8-9-10-11-12-13-14-15-16-17-18-19-22-24 mm<\/li>\n<li>Cl\u00e9s \u00e0 fourches: 6&#215;7-8&#215;9-10&#215;11-12&#215;13-14&#215;15-16&#215;17-18&#215;19-20&#215;22-21&#215;23-24&#215;27-30&#215;32 mm<\/li>\n<li>1\/4&Prime; Douilles Torx: E4-E5-E6-E7-E8<\/li>\n<li>3\/8&Prime; Douilles Torx: E10-E11-E12-E14-E18-E20<\/li>\n<li>1\/2&Prime; Douilles Torx: E22-E24<\/li>\n<li>1\/4&Prime; Douilles tournevis Torx: T8-T9-T10-T15-T20-T25-T27-T30-T40<\/li>\n<li>3\/8&Prime; Douilles tournevis Torx: T45-T50<\/li>\n<li>1\/2&Prime; Douilles tournevis Torx: T55-T60-T70<\/li>\n<li>Cl\u00e9s m\u00e2les coud\u00e9es Torx: T10-T15-T20-T25-T27-T30-T40-T45-T50-T55-T60-T70<\/li>\n<\/ul>\n<p><img loading=\"lazy\" class=\"\" src=\"https:\/\/www.forcetools-kepmar.eu\/WebRoot\/StoreNL\/Shops\/457210838\/MediaGallery\/Lades\/219_Lade_2.jpg\" alt=\"219_Lade_2\" width=\"627\" height=\"411\" \/><\/p>\n<p><strong>Tiroir 3:<\/strong><\/p>\n<ul>\n<li>Pince multiprise 250mm<\/li>\n<li>Pince grip 250mm<\/li>\n<li>Cl\u00e9 \u00e0 molette 250mm<\/li>\n<li>Pince \u00e0 long bec 200mm<\/li>\n<li>Pince \u00e0 long bec coud\u00e9 200mm<\/li>\n<li>Pince universelle 175mm<\/li>\n<li>Pince coupante 175mm<\/li>\n<li>Marteau de m\u00e9canicien 300gr<\/li>\n<li>Marteau sans rebond 400gr<\/li>\n<li>Burin pointu<\/li>\n<li>Pointeau 4mm<\/li>\n<li>Chasse-clous: 2-3-4 mm<\/li>\n<li>Chasse-goupilles: 2-3-4 mm<\/li>\n<li>Burins \u00e0 profil constant: 10-12-15-19-22-25 mm<\/li>\n<\/ul>\n<p><img loading=\"lazy\" class=\"\" src=\"https:\/\/www.forcetools-kepmar.eu\/WebRoot\/StoreNL\/Shops\/457210838\/MediaGallery\/Lades\/219_Lade_3.jpg\" alt=\"219_Lade_3\" width=\"596\" height=\"395\" \/><\/p>\n","protected":false},"excerpt":{"rendered":"<p>Cette servante d&rsquo;atelier de Force Practical Series est robuste, de qualit\u00e9 professionnelle, id\u00e9ale pour votre garage ou atelier.<br \/>\nEquip\u00e9e de modules en ABS thermoform\u00e9 avec 219 outils \u00e0 main. Cette servante d&rsquo;atelier offre une capacit\u00e9 de rangement importante pour vos outils. Avec 8 tiroirs, cette servante d&rsquo;atelier r\u00e9pondra \u00e0 vos besoins de rangement d&rsquo;outils pour une dur\u00e9e de vie extr\u00eamement longue.<br \/>\nL&rsquo;ouverture des tiroirs se fait \u00e0 100%. La fermeture se fait par verrouillage centralis\u00e9 (2 cl\u00e9 incluses.)\u00a0Gr\u00e2ce \u00e0 ses 4 roues en caoutchouc, 2 fixes et 2 rotatives avec freins. La peinture ext\u00e9rieure poudr\u00e9e offre une finition impeccable.<br \/>\nGrand plan de travail en polypropyl\u00e8ne, avec rebords int\u00e9gr\u00e9s \u00e9vitant la chute d&rsquo;outils pendant le d\u00e9placement. R\u00e9sistance aux impacts et aux hydrocarbures. 2 poign\u00e9es int\u00e9gr\u00e9es, une pour le d\u00e9placement et une autre permettant de soulever la servante pour le passage d&rsquo;obstacles.<br \/>\nId\u00e9al pour le transport d&rsquo;outils sur les zones de travaux, les chantiers, les ateliers, les garages.<\/p>\n","protected":false},"featured_media":1871,"template":"","meta":[],"brands":[{"id":29,"name":"FORCE","slug":"force"}],"_links":{"self":[{"href":"http:\/\/www.le-professionnel.com\/index.php?rest_route=\/wp\/v2\/product\/1873"}],"collection":[{"href":"http:\/\/www.le-professionnel.com\/index.php?rest_route=\/wp\/v2\/product"}],"about":[{"href":"http:\/\/www.le-professionnel.com\/index.php?rest_route=\/wp\/v2\/types\/product"}],"version-history":[{"count":1,"href":"http:\/\/www.le-professionnel.com\/index.php?rest_route=\/wp\/v2\/product\/1873\/revisions"}],"predecessor-version":[{"id":1877,"href":"http:\/\/www.le-professionnel.com\/index.php?rest_route=\/wp\/v2\/product\/1873\/revisions\/1877"}],"wp:featuredmedia":[{"embeddable":true,"href":"http:\/\/www.le-professionnel.com\/index.php?rest_route=\/wp\/v2\/media\/1871"}],"wp:attachment":[{"href":"http:\/\/www.le-professionnel.com\/index.php?rest_route=%2Fwp%2Fv2%2Fmedia&parent=1873"}],"curies":[{"name":"wp","href":"https:\/\/api.w.org\/{rel}","templated":true}]}}